{"id":237,"date":"2023-12-13T09:19:38","date_gmt":"2023-12-13T09:19:38","guid":{"rendered":"https:\/\/bruder.physio\/?page_id=237"},"modified":"2023-12-13T12:30:41","modified_gmt":"2023-12-13T12:30:41","slug":"physiofitness","status":"publish","type":"page","link":"https:\/\/bruder.physio\/?page_id=237","title":{"rendered":"PHYSIOFITNESS"},"content":{"rendered":"\n<figure class=\"wp-block-image aligncenter size-full\"><img loading=\"lazy\" decoding=\"async\" width=\"540\" height=\"99\" src=\"https:\/\/bruder.physio\/wp-content\/uploads\/2023\/12\/milonlogo.webp\" alt=\"\" class=\"wp-image-259\" srcset=\"https:\/\/bruder.physio\/wp-content\/uploads\/2023\/12\/milonlogo.webp 540w, https:\/\/bruder.physio\/wp-content\/uploads\/2023\/12\/milonlogo-300x55.webp 300w\" sizes=\"auto, (max-width: 540px) 100vw, 540px\" \/><\/figure>\n\n\n\n<h2 class=\"wp-block-heading\">Effektives Ganzk\u00f6rpertraining. <\/h2>\n\n\n\n<h2 class=\"wp-block-heading\">Kraft &amp; Kraft-Ausdauer.<\/h2>\n\n\n\n<p>Fit in 17,5 Minuten \u2013 Topfit in 34,5 Minuten: <\/p>\n\n\n\n<p class=\"has-normal-font-size\" style=\"margin-top:0;margin-right:var(--wp--preset--spacing--50);margin-bottom:0;margin-left:var(--wp--preset--spacing--50)\">Der Kraft- oder Kraft Ausdauer-Zirkel bietet ein effektives Ganzk\u00f6rpertraining f\u00fcr eine breite Zielgruppe. Mittels Intervallmethode k\u00f6nnen bis zu zw\u00f6lf Mitglieder oder Patienten gleichzeitig trainieren. So erm\u00f6glicht das Zirkeltraining einen hohen Durchlauf bei starker Auslastung. Der Kraft Ausdauer-Zirkel aktiviert den Stoffwechsel und offeriert ein ideales komprimiertes Kraft- und Ausdauertraining im Mix \u2013 f\u00fcr Ge\u00fcbte.<\/p>\n\n\n\n<figure class=\"wp-block-image aligncenter size-large is-resized\"><img loading=\"lazy\" decoding=\"async\" width=\"1024\" height=\"683\" src=\"https:\/\/bruder.physio\/wp-content\/uploads\/2023\/12\/Milon-1024x683.jpg\" alt=\"\" class=\"wp-image-251\" style=\"width:756px;height:auto\" srcset=\"https:\/\/bruder.physio\/wp-content\/uploads\/2023\/12\/Milon-1024x683.jpg 1024w, https:\/\/bruder.physio\/wp-content\/uploads\/2023\/12\/Milon-300x200.jpg 300w, https:\/\/bruder.physio\/wp-content\/uploads\/2023\/12\/Milon-768x512.jpg 768w, https:\/\/bruder.physio\/wp-content\/uploads\/2023\/12\/Milon-1536x1025.jpg 1536w, https:\/\/bruder.physio\/wp-content\/uploads\/2023\/12\/Milon-2048x1366.jpg 2048w\" sizes=\"auto, (max-width: 1024px) 100vw, 1024px\" \/><\/figure>\n\n\n\n<figure class=\"wp-block-image aligncenter size-full is-resized\"><img loading=\"lazy\" decoding=\"async\" width=\"127\" height=\"120\" src=\"https:\/\/bruder.physio\/wp-content\/uploads\/2023\/12\/MBMann.png\" alt=\"\" class=\"wp-image-183\" style=\"width:53px\"\/><\/figure>\n\n\n\n<h2 class=\"wp-block-heading\">WAS IST FIVE?<\/h2>\n\n\n\n<figure class=\"wp-block-image aligncenter size-full is-resized\"><img loading=\"lazy\" decoding=\"async\" width=\"400\" height=\"200\" src=\"https:\/\/bruder.physio\/wp-content\/uploads\/2023\/12\/five-logo.png\" alt=\"\" class=\"wp-image-261\" style=\"width:228px;height:auto\" srcset=\"https:\/\/bruder.physio\/wp-content\/uploads\/2023\/12\/five-logo.png 400w, https:\/\/bruder.physio\/wp-content\/uploads\/2023\/12\/five-logo-300x150.png 300w\" sizes=\"auto, (max-width: 400px) 100vw, 400px\" \/><\/figure>\n\n\n\n<p>Im Unterschied zum klassischen Dehnen oder Stretching wird beim five-Training eine gleichzeitige Kraftbelastung der Muskeln gefordert. Dieser Reiz f\u00fchrt dazu, dass der Muskel ein neues Bewegungsmuster erlernt und wieder auf seine urspr\u00fcngliche L\u00e4nge gebracht werden kann.<\/p>\n\n\n\n<p>Neben Kraft, Ausdauer, Schnelligkeit und Koordination ist Beweglichkeit ein essentiell wichtiger Bestandteil, um alle motorischen Grundf\u00e4higkeiten anzusprechen. Durch das Muskell\u00e4ngentraining mit five werden Bewegungseinschr\u00e4nkungen aufgehoben oder minimiert.<\/p>\n\n\n\n<p>Unbeweglichkeit im Alter ist kein Schicksal. Wer sich auch ohne spezielle Schmerzen regelm\u00e4\u00dfig seine Beweglichkeit trainiert, hat sp\u00e4ter mit weniger Problemen zu k\u00e4mpfen. Wichtig ist, fr\u00fch genug damit anzufangen.<\/p>\n\n\n\n<p>Faszien st\u00fctzen und bilden unseren K\u00f6rper. Diese bindegewebigen Strukturen k\u00f6nnen durch mangelnde Bewegung verkleben und sich durch ausstrahlende Schmerzen bemerkbar machen. Durch unser Beweglichkeitstraining k\u00f6nnen verklebte Faszien wieder geschmeidig gemacht werden.<\/p>\n\n\n\n<p>Verk\u00fcrzte Muskeln sorgen f\u00fcr Dysbalancen und Spannungen im K\u00f6rper und sind oft der Ausl\u00f6ser f\u00fcr Schmerzen. Mit five trainiert man die Muskeln durch aktive Dehnung wieder auf L\u00e4nge.<\/p>\n\n\n\n<div class=\"wp-block-columns is-layout-flex wp-container-core-columns-is-layout-1 wp-block-columns-is-layout-flex\">\n<div class=\"wp-block-column is-layout-flow wp-block-column-is-layout-flow\">\n<figure class=\"wp-block-image aligncenter size-full is-resized\"><img loading=\"lazy\" decoding=\"async\" width=\"275\" height=\"183\" src=\"https:\/\/bruder.physio\/wp-content\/uploads\/2023\/12\/five3.jpg\" alt=\"\" class=\"wp-image-262\" style=\"aspect-ratio:4\/3;object-fit:cover;width:218px;height:auto\"\/><\/figure>\n<\/div>\n\n\n\n<div class=\"wp-block-column is-layout-flow wp-block-column-is-layout-flow\">\n<figure class=\"wp-block-image aligncenter size-large is-resized\"><img loading=\"lazy\" decoding=\"async\" width=\"1024\" height=\"576\" src=\"https:\/\/bruder.physio\/wp-content\/uploads\/2023\/12\/five4-1024x576.jpg\" alt=\"\" class=\"wp-image-265\" style=\"aspect-ratio:4\/3;object-fit:cover;width:212px;height:auto\" srcset=\"https:\/\/bruder.physio\/wp-content\/uploads\/2023\/12\/five4-1024x576.jpg 1024w, https:\/\/bruder.physio\/wp-content\/uploads\/2023\/12\/five4-300x169.jpg 300w, https:\/\/bruder.physio\/wp-content\/uploads\/2023\/12\/five4-768x432.jpg 768w, https:\/\/bruder.physio\/wp-content\/uploads\/2023\/12\/five4-1536x864.jpg 1536w, https:\/\/bruder.physio\/wp-content\/uploads\/2023\/12\/five4.jpg 1920w\" sizes=\"auto, (max-width: 1024px) 100vw, 1024px\" \/><\/figure>\n<\/div>\n\n\n\n<div class=\"wp-block-column is-layout-flow wp-block-column-is-layout-flow\">\n<figure class=\"wp-block-image aligncenter size-large is-resized\"><img loading=\"lazy\" decoding=\"async\" width=\"1024\" height=\"731\" src=\"https:\/\/bruder.physio\/wp-content\/uploads\/2023\/12\/five2-1024x731.jpg\" alt=\"\" class=\"wp-image-263\" style=\"aspect-ratio:4\/3;object-fit:cover;width:218px\" srcset=\"https:\/\/bruder.physio\/wp-content\/uploads\/2023\/12\/five2-1024x731.jpg 1024w, https:\/\/bruder.physio\/wp-content\/uploads\/2023\/12\/five2-300x214.jpg 300w, https:\/\/bruder.physio\/wp-content\/uploads\/2023\/12\/five2-768x549.jpg 768w, https:\/\/bruder.physio\/wp-content\/uploads\/2023\/12\/five2.jpg 1400w\" sizes=\"auto, (max-width: 1024px) 100vw, 1024px\" \/><\/figure>\n<\/div>\n<\/div>\n\n\n\n<div class=\"wp-block-cover alignfull wp-block-section wp-block-cta wp-block-promotional-contact\" style=\"min-height:259px;aspect-ratio:unset;\"><span aria-hidden=\"true\" class=\"wp-block-cover__background has-background-dim-60 has-background-dim\"><\/span><img decoding=\"async\" class=\"wp-block-cover__image-background\" alt=\"\" src=\"https:\/\/bruder.physio\/wp-content\/themes\/bizboost\/assets\/images\/promotional-contact.jpg\" data-object-fit=\"cover\"\/><div class=\"wp-block-cover__inner-container is-layout-flow wp-block-cover-is-layout-flow\">\n<div class=\"wp-block-group is-layout-constrained wp-block-group-is-layout-constrained\">\n<div class=\"wp-block-group is-layout-flow wp-container-core-group-is-layout-1 wp-block-group-is-layout-flow\">\n<div class=\"wp-block-buttons is-content-justification-center is-layout-flex wp-container-core-buttons-is-layout-1 wp-block-buttons-is-layout-flex\">\n<div class=\"wp-block-button\"><a class=\"wp-block-button__link wp-element-button\" href=\"https:\/\/bruder.physio\/?page_id=20\">WERDE TEIL UNSERES TEAMS<\/a><\/div>\n<\/div>\n<\/div>\n<\/div>\n<\/div><\/div>\n","protected":false},"excerpt":{"rendered":"<p>Effektives Ganzk\u00f6rpertraining. Kraft &amp; Kraft-Ausdauer. Fit in 17,5 Minuten \u2013 Topfit in 34,5 Minuten: Der Kraft- oder Kraft Ausdauer-Zirkel bietet ein effektives Ganzk\u00f6rpertraining f\u00fcr eine breite Zielgruppe. Mittels Intervallmethode k\u00f6nnen bis zu zw\u00f6lf Mitglieder oder Patienten gleichzeitig trainieren. So erm\u00f6glicht das Zirkeltraining einen hohen Durchlauf bei starker Auslastung. Der Kraft Ausdauer-Zirkel aktiviert den Stoffwechsel und [&hellip;]<\/p>\n","protected":false},"author":1,"featured_media":0,"parent":0,"menu_order":0,"comment_status":"closed","ping_status":"closed","template":"","meta":{"footnotes":""},"class_list":["post-237","page","type-page","status-publish","hentry"],"_links":{"self":[{"href":"https:\/\/bruder.physio\/index.php?rest_route=\/wp\/v2\/pages\/237","targetHints":{"allow":["GET"]}}],"collection":[{"href":"https:\/\/bruder.physio\/index.php?rest_route=\/wp\/v2\/pages"}],"about":[{"href":"https:\/\/bruder.physio\/index.php?rest_route=\/wp\/v2\/types\/page"}],"author":[{"embeddable":true,"href":"https:\/\/bruder.physio\/index.php?rest_route=\/wp\/v2\/users\/1"}],"replies":[{"embeddable":true,"href":"https:\/\/bruder.physio\/index.php?rest_route=%2Fwp%2Fv2%2Fcomments&post=237"}],"version-history":[{"count":11,"href":"https:\/\/bruder.physio\/index.php?rest_route=\/wp\/v2\/pages\/237\/revisions"}],"predecessor-version":[{"id":273,"href":"https:\/\/bruder.physio\/index.php?rest_route=\/wp\/v2\/pages\/237\/revisions\/273"}],"wp:attachment":[{"href":"https:\/\/bruder.physio\/index.php?rest_route=%2Fwp%2Fv2%2Fmedia&parent=237"}],"curies":[{"name":"wp","href":"https:\/\/api.w.org\/{rel}","templated":true}]}}