{"id":157,"date":"2023-12-08T14:40:26","date_gmt":"2023-12-08T14:40:26","guid":{"rendered":"https:\/\/bruder.physio\/?page_id=157"},"modified":"2023-12-21T11:25:58","modified_gmt":"2023-12-21T11:25:58","slug":"ueber-uns","status":"publish","type":"page","link":"https:\/\/bruder.physio\/?page_id=157","title":{"rendered":"PHYSIOTHERAPIE"},"content":{"rendered":"\n<p><br><\/p>\n\n\n\n<div class=\"wp-block-group is-nowrap is-layout-flex wp-container-core-group-is-layout-1 wp-block-group-is-layout-flex\">\n<div class=\"wp-block-media-text is-stacked-on-mobile\" style=\"grid-template-columns:25% auto\"><figure class=\"wp-block-media-text__media\"><img loading=\"lazy\" decoding=\"async\" width=\"850\" height=\"614\" src=\"https:\/\/bruder.physio\/wp-content\/uploads\/2023\/12\/Krankengymnastik.jpg\" alt=\"\" class=\"wp-image-162 size-full\" srcset=\"https:\/\/bruder.physio\/wp-content\/uploads\/2023\/12\/Krankengymnastik.jpg 850w, https:\/\/bruder.physio\/wp-content\/uploads\/2023\/12\/Krankengymnastik-300x217.jpg 300w, https:\/\/bruder.physio\/wp-content\/uploads\/2023\/12\/Krankengymnastik-768x555.jpg 768w\" sizes=\"auto, (max-width: 850px) 100vw, 850px\" \/><\/figure><div class=\"wp-block-media-text__content\">\n<p><strong>Krankengymnastik (KG)<\/strong><br>Spezielle aktive und passive \u00dcbungen dienen einer Verbesserung der K\u00f6rperhaltung und der Muskulatur.<\/p>\n<\/div><\/div>\n<\/div>\n\n\n\n<figure class=\"wp-block-image aligncenter size-full is-resized\"><img loading=\"lazy\" decoding=\"async\" width=\"127\" height=\"120\" src=\"https:\/\/bruder.physio\/wp-content\/uploads\/2023\/12\/MBMann.png\" alt=\"\" class=\"wp-image-183\" style=\"width:53px;height:auto\"\/><\/figure>\n\n\n\n<div class=\"wp-block-group is-nowrap is-layout-flex wp-container-core-group-is-layout-2 wp-block-group-is-layout-flex\">\n<div class=\"wp-block-media-text is-stacked-on-mobile\" style=\"grid-template-columns:25% auto\"><figure class=\"wp-block-media-text__media\"><img loading=\"lazy\" decoding=\"async\" width=\"360\" height=\"240\" src=\"https:\/\/bruder.physio\/wp-content\/uploads\/2023\/12\/Krankengymnastik-am-Geraet.jpg\" alt=\"\" class=\"wp-image-215 size-full\" srcset=\"https:\/\/bruder.physio\/wp-content\/uploads\/2023\/12\/Krankengymnastik-am-Geraet.jpg 360w, https:\/\/bruder.physio\/wp-content\/uploads\/2023\/12\/Krankengymnastik-am-Geraet-300x200.jpg 300w\" sizes=\"auto, (max-width: 360px) 100vw, 360px\" \/><\/figure><div class=\"wp-block-media-text__content\">\n<p><strong>Krankengymnastik am Ger\u00e4t (KG-Ger\u00e4t)<\/strong><br>Das Therapieziel der ger\u00e4tegest\u00fctzten Krankengymnastik ist prim\u00e4r die Muskelkr\u00e4ftigung ; diese zielt darauf die Extremit\u00e4ten und Wirbels\u00e4ulenmuskulatur zu stabilisieren. Sie findet meist in kleinen Gruppen statt.<\/p>\n<\/div><\/div>\n<\/div>\n\n\n\n<figure class=\"wp-block-image aligncenter size-full is-resized\"><img loading=\"lazy\" decoding=\"async\" width=\"127\" height=\"120\" src=\"https:\/\/bruder.physio\/wp-content\/uploads\/2023\/12\/MBMann.png\" alt=\"\" class=\"wp-image-183\" style=\"width:53px;height:auto\"\/><\/figure>\n\n\n\n<div class=\"wp-block-media-text is-stacked-on-mobile\" style=\"grid-template-columns:25% auto\"><figure class=\"wp-block-media-text__media\"><img loading=\"lazy\" decoding=\"async\" width=\"360\" height=\"240\" src=\"https:\/\/bruder.physio\/wp-content\/uploads\/2023\/12\/Manuelle-Therapie.jpg\" alt=\"\" class=\"wp-image-219 size-full\" srcset=\"https:\/\/bruder.physio\/wp-content\/uploads\/2023\/12\/Manuelle-Therapie.jpg 360w, https:\/\/bruder.physio\/wp-content\/uploads\/2023\/12\/Manuelle-Therapie-300x200.jpg 300w\" sizes=\"auto, (max-width: 360px) 100vw, 360px\" \/><\/figure><div class=\"wp-block-media-text__content\">\n<p><strong>Manuelle Therapie (MT)<\/strong><br>Die manuelle Therapie befasst sich mit speziellen Handgrifftechniken, die eine Bewegungsst\u00f6rung im Bereich der Extremit\u00e4tengelenke oder der Wirbels\u00e4ule aufweist. Der Therapeut wirkt durch gezielte Mobilisationstechniken auf Gelenke, Knochen und Bindegewebe ein.<\/p>\n<\/div><\/div>\n\n\n\n<figure class=\"wp-block-image aligncenter size-full is-resized\"><img loading=\"lazy\" decoding=\"async\" width=\"127\" height=\"120\" src=\"https:\/\/bruder.physio\/wp-content\/uploads\/2023\/12\/MBMann.png\" alt=\"\" class=\"wp-image-183\" style=\"width:56px;height:auto\"\/><\/figure>\n\n\n\n<div class=\"wp-block-media-text is-stacked-on-mobile\" style=\"grid-template-columns:25% auto\"><figure class=\"wp-block-media-text__media\"><img loading=\"lazy\" decoding=\"async\" width=\"360\" height=\"240\" src=\"https:\/\/bruder.physio\/wp-content\/uploads\/2023\/12\/klassische-massage.jpg\" alt=\"\" class=\"wp-image-220 size-full\" srcset=\"https:\/\/bruder.physio\/wp-content\/uploads\/2023\/12\/klassische-massage.jpg 360w, https:\/\/bruder.physio\/wp-content\/uploads\/2023\/12\/klassische-massage-300x200.jpg 300w\" sizes=\"auto, (max-width: 360px) 100vw, 360px\" \/><\/figure><div class=\"wp-block-media-text__content\">\n<p><strong>Massage (KMT)<\/strong><br>Sie dient zur mechanischen Beeinflussung der Haut, Bindegewebe und Muskulatur durch Dehnungs-, Zug &#8211; und Druckreiz. Sie l\u00f6st Verspannungen und Verklebungen.<\/p>\n<\/div><\/div>\n\n\n\n<figure class=\"wp-block-image aligncenter size-full is-resized\"><img loading=\"lazy\" decoding=\"async\" width=\"127\" height=\"120\" src=\"https:\/\/bruder.physio\/wp-content\/uploads\/2023\/12\/MBMann.png\" alt=\"\" class=\"wp-image-183\" style=\"width:56px;height:auto\"\/><\/figure>\n\n\n\n<div class=\"wp-block-media-text is-stacked-on-mobile\" style=\"grid-template-columns:25% auto\"><figure class=\"wp-block-media-text__media\"><img loading=\"lazy\" decoding=\"async\" width=\"360\" height=\"240\" src=\"https:\/\/bruder.physio\/wp-content\/uploads\/2023\/12\/kieferbehandlung.jpg\" alt=\"\" class=\"wp-image-217 size-full\" srcset=\"https:\/\/bruder.physio\/wp-content\/uploads\/2023\/12\/kieferbehandlung.jpg 360w, https:\/\/bruder.physio\/wp-content\/uploads\/2023\/12\/kieferbehandlung-300x200.jpg 300w\" sizes=\"auto, (max-width: 360px) 100vw, 360px\" \/><\/figure><div class=\"wp-block-media-text__content\">\n<p><strong>Kiefergelenksbehandlung (CMD)<\/strong><br>Funktionsst\u00f6rung der Kiefergelenke haben z.B. Auswirkungen auf Kopf, Gesicht, Halswirbels\u00e4ule, Schultern und Brustwirbels\u00e4ule. (Tinitus, Schwindel, Kopf,-und Nackenschmerz, Schulterschmerzen) Manueltherapeutisch k\u00f6nnen am Kiefergelenk die Gelenkfunktion und die umgebenden Strukturen wie Muskel, B\u00e4nder und Nerven behandelt und die schmerzenden Symtome gelindert werden.<\/p>\n<\/div><\/div>\n\n\n\n<figure class=\"wp-block-image aligncenter size-full is-resized\"><img loading=\"lazy\" decoding=\"async\" width=\"127\" height=\"120\" src=\"https:\/\/bruder.physio\/wp-content\/uploads\/2023\/12\/MBMann.png\" alt=\"\" class=\"wp-image-183\" style=\"width:57px;height:auto\"\/><\/figure>\n\n\n\n<div class=\"wp-block-media-text is-stacked-on-mobile\" style=\"grid-template-columns:25% auto\"><figure class=\"wp-block-media-text__media\"><img loading=\"lazy\" decoding=\"async\" width=\"1024\" height=\"609\" src=\"https:\/\/bruder.physio\/wp-content\/uploads\/2023\/12\/schlingentisch-1-1024x609.jpg\" alt=\"\" class=\"wp-image-283 size-full\" srcset=\"https:\/\/bruder.physio\/wp-content\/uploads\/2023\/12\/schlingentisch-1-1024x609.jpg 1024w, https:\/\/bruder.physio\/wp-content\/uploads\/2023\/12\/schlingentisch-1-300x179.jpg 300w, https:\/\/bruder.physio\/wp-content\/uploads\/2023\/12\/schlingentisch-1-768x457.jpg 768w, https:\/\/bruder.physio\/wp-content\/uploads\/2023\/12\/schlingentisch-1.jpg 1151w\" sizes=\"auto, (max-width: 1024px) 100vw, 1024px\" \/><\/figure><div class=\"wp-block-media-text__content\">\n<p><strong>Schlingentisch<\/strong><br>Bei dieser Therapieform werden Teile des K\u00f6rpers oder der ganze K\u00f6rper in Schlingen geh\u00e4ngt. Durch die Aufhebung der Schwerkraft werden Gelenke und\/oder die Wirbels\u00e4ule entlastet.<\/p>\n\n\n\n<p>In Folge erf\u00e4hrt der Patient eine Erleichterung seiner Beschwerden, da eingeschr\u00e4nkte oder schmerzhafte Bewegungen in einer Art der Schwerelosigkeit erheblich erleichtert werden.<\/p>\n<\/div><\/div>\n\n\n\n<figure class=\"wp-block-image aligncenter size-full is-resized\"><img loading=\"lazy\" decoding=\"async\" width=\"127\" height=\"120\" src=\"https:\/\/bruder.physio\/wp-content\/uploads\/2023\/12\/MBMann.png\" alt=\"\" class=\"wp-image-183\" style=\"width:55px;height:auto\"\/><\/figure>\n\n\n\n<div class=\"wp-block-media-text is-stacked-on-mobile\" style=\"grid-template-columns:25% auto\"><figure class=\"wp-block-media-text__media\"><img loading=\"lazy\" decoding=\"async\" width=\"360\" height=\"240\" src=\"https:\/\/bruder.physio\/wp-content\/uploads\/2023\/12\/lymphdrainage.jpg\" alt=\"\" class=\"wp-image-218 size-full\" srcset=\"https:\/\/bruder.physio\/wp-content\/uploads\/2023\/12\/lymphdrainage.jpg 360w, https:\/\/bruder.physio\/wp-content\/uploads\/2023\/12\/lymphdrainage-300x200.jpg 300w\" sizes=\"auto, (max-width: 360px) 100vw, 360px\" \/><\/figure><div class=\"wp-block-media-text__content\">\n<p><strong>Manuelle Lymphdrainage<\/strong><br>Sie dient haupts\u00e4chlich als \u00d6dem- und Entstauungstherapie geschwollener K\u00f6rperregionen. Durch kreisf\u00f6rmige Verschiebetechniken, welche mit leichtem Druck angewandt werden, wird die Fl\u00fcssigkeit aus dem Gewebe in das Lymphgef\u00e4\u00dfsystem verschoben. Die manuelle Lymphdrainage wirkt sich \u00fcberwiegend auf den Haut- und Unterhautbereich aus und soll keine Mehrdurchblutung wie in der klassischen Massage bewirken, sondern ein manuelles Abdrainieren (Ab- und Weiterf\u00fchrung) der Gewebsfl\u00fcssigkeit \u00fcber Gewebsspalten bzw. Lymphgef\u00e4\u00dfe.<\/p>\n<\/div><\/div>\n\n\n\n<figure class=\"wp-block-image aligncenter size-full is-resized\"><img loading=\"lazy\" decoding=\"async\" width=\"127\" height=\"120\" src=\"https:\/\/bruder.physio\/wp-content\/uploads\/2023\/12\/MBMann.png\" alt=\"\" class=\"wp-image-183\" style=\"width:55px;height:auto\"\/><\/figure>\n\n\n\n<div class=\"wp-block-media-text is-stacked-on-mobile\" style=\"grid-template-columns:25% auto\"><figure class=\"wp-block-media-text__media\"><img loading=\"lazy\" decoding=\"async\" width=\"360\" height=\"240\" src=\"https:\/\/bruder.physio\/wp-content\/uploads\/2023\/12\/Eis-360x240-1.jpg\" alt=\"\" class=\"wp-image-231 size-full\" srcset=\"https:\/\/bruder.physio\/wp-content\/uploads\/2023\/12\/Eis-360x240-1.jpg 360w, https:\/\/bruder.physio\/wp-content\/uploads\/2023\/12\/Eis-360x240-1-300x200.jpg 300w\" sizes=\"auto, (max-width: 360px) 100vw, 360px\" \/><\/figure><div class=\"wp-block-media-text__content\">\n<p><strong>K\u00e4ltetherapie (KT)<\/strong><br>Eis ist eine unterst\u00fctzende Ma\u00dfnahme in der Physiotherapie und dient zur Stau und Schmerzlinderung bei entz\u00fcndeten Gelenken oder postoperative Zust\u00e4nde.<\/p>\n<\/div><\/div>\n\n\n\n<figure class=\"wp-block-image aligncenter size-full is-resized\"><img loading=\"lazy\" decoding=\"async\" width=\"127\" height=\"120\" src=\"https:\/\/bruder.physio\/wp-content\/uploads\/2023\/12\/MBMann.png\" alt=\"\" class=\"wp-image-183\" style=\"width:54px;height:auto\"\/><\/figure>\n\n\n\n<div class=\"wp-block-media-text is-stacked-on-mobile\" style=\"grid-template-columns:25% auto\"><figure class=\"wp-block-media-text__media\"><img loading=\"lazy\" decoding=\"async\" width=\"1024\" height=\"768\" src=\"https:\/\/bruder.physio\/wp-content\/uploads\/2023\/12\/rotlicht-1024x768.jpg\" alt=\"\" class=\"wp-image-234 size-full\" srcset=\"https:\/\/bruder.physio\/wp-content\/uploads\/2023\/12\/rotlicht-1024x768.jpg 1024w, https:\/\/bruder.physio\/wp-content\/uploads\/2023\/12\/rotlicht-300x225.jpg 300w, https:\/\/bruder.physio\/wp-content\/uploads\/2023\/12\/rotlicht-768x576.jpg 768w, https:\/\/bruder.physio\/wp-content\/uploads\/2023\/12\/rotlicht.jpg 1500w\" sizes=\"auto, (max-width: 1024px) 100vw, 1024px\" \/><\/figure><div class=\"wp-block-media-text__content\">\n<p><strong>W\u00e4rmetherapie (WT)<\/strong><br>Rotlicht dient der Tonussenkung der Muskulatur bei starken Verspannungen, sowie Durchblutungssteigernd.<\/p>\n<\/div><\/div>\n\n\n\n<div class=\"wp-block-cover alignfull wp-block-section wp-block-cta wp-block-promotional-contact\" style=\"min-height:259px;aspect-ratio:unset;\"><span aria-hidden=\"true\" class=\"wp-block-cover__background has-background-dim-60 has-background-dim\"><\/span><img decoding=\"async\" class=\"wp-block-cover__image-background\" alt=\"\" src=\"https:\/\/bruder.physio\/wp-content\/themes\/bizboost\/assets\/images\/promotional-contact.jpg\" data-object-fit=\"cover\"\/><div class=\"wp-block-cover__inner-container is-layout-flow wp-block-cover-is-layout-flow\">\n<div class=\"wp-block-group is-layout-constrained wp-block-group-is-layout-constrained\">\n<div class=\"wp-block-group is-layout-flow wp-container-core-group-is-layout-3 wp-block-group-is-layout-flow\">\n<div class=\"wp-block-buttons is-content-justification-center is-layout-flex wp-container-core-buttons-is-layout-1 wp-block-buttons-is-layout-flex\">\n<div class=\"wp-block-button\"><a class=\"wp-block-button__link wp-element-button\" href=\"https:\/\/bruder.physio\/?page_id=20\">WERDE TEIL UNSERES TEAMS<\/a><\/div>\n<\/div>\n<\/div>\n<\/div>\n<\/div><\/div>\n","protected":false},"excerpt":{"rendered":"<p>Krankengymnastik (KG)Spezielle aktive und passive \u00dcbungen dienen einer Verbesserung der K\u00f6rperhaltung und der Muskulatur. Krankengymnastik am Ger\u00e4t (KG-Ger\u00e4t)Das Therapieziel der ger\u00e4tegest\u00fctzten Krankengymnastik ist prim\u00e4r die Muskelkr\u00e4ftigung ; diese zielt darauf die Extremit\u00e4ten und Wirbels\u00e4ulenmuskulatur zu stabilisieren. Sie findet meist in kleinen Gruppen statt. Manuelle Therapie (MT)Die manuelle Therapie befasst sich mit speziellen Handgrifftechniken, die eine [&hellip;]<\/p>\n","protected":false},"author":1,"featured_media":0,"parent":0,"menu_order":0,"comment_status":"closed","ping_status":"closed","template":"","meta":{"footnotes":""},"class_list":["post-157","page","type-page","status-publish","hentry"],"_links":{"self":[{"href":"https:\/\/bruder.physio\/index.php?rest_route=\/wp\/v2\/pages\/157","targetHints":{"allow":["GET"]}}],"collection":[{"href":"https:\/\/bruder.physio\/index.php?rest_route=\/wp\/v2\/pages"}],"about":[{"href":"https:\/\/bruder.physio\/index.php?rest_route=\/wp\/v2\/types\/page"}],"author":[{"embeddable":true,"href":"https:\/\/bruder.physio\/index.php?rest_route=\/wp\/v2\/users\/1"}],"replies":[{"embeddable":true,"href":"https:\/\/bruder.physio\/index.php?rest_route=%2Fwp%2Fv2%2Fcomments&post=157"}],"version-history":[{"count":17,"href":"https:\/\/bruder.physio\/index.php?rest_route=\/wp\/v2\/pages\/157\/revisions"}],"predecessor-version":[{"id":284,"href":"https:\/\/bruder.physio\/index.php?rest_route=\/wp\/v2\/pages\/157\/revisions\/284"}],"wp:attachment":[{"href":"https:\/\/bruder.physio\/index.php?rest_route=%2Fwp%2Fv2%2Fmedia&parent=157"}],"curies":[{"name":"wp","href":"https:\/\/api.w.org\/{rel}","templated":true}]}}